{"id":706,"date":"2022-05-05T10:46:45","date_gmt":"2022-05-05T10:46:45","guid":{"rendered":"http:\/\/www.compurem.de\/?page_id=706"},"modified":"2022-05-05T10:46:46","modified_gmt":"2022-05-05T10:46:46","slug":"kommentare-2","status":"publish","type":"page","link":"https:\/\/www.compurem.de\/?page_id=706","title":{"rendered":"Kommentare"},"content":{"rendered":"\n<p>Einige Kommentare zu meinen Schulungen:<\/p>\n\n\n\n<ul><li>viele n\u00fctzliche Hinweise zum \u201esauberen\u201c Formatieren<\/li><li>Referent sehr engagiert und verst\u00e4ndlich!<\/li><li>guter praktischer Bezug<\/li><li>abwechslungsreicher Vortrag<\/li><li>n\u00fctzlich<\/li><li>sehr hoher praktischer Nutzen durch direkten Bezug zur t\u00e4glichen Arbeit<\/li><li>viele \u00dcbungen!<\/li><li>guter \u00dcberlick \u00fcber die verschiedenen M\u00f6glichkeiten von Visio<\/li><li>anschaulich; sch\u00f6n zum Mitmachen<\/li><li>praktische Beispiele<\/li><li>Zeit f\u00fcr Fragen<\/li><li>praktische Tipps zur Dokumentenerstellung mit Microsoft Visio<\/li><li>konkrete Beispiele<\/li><li>f\u00fcr die t\u00e4gliche Arbeit relevant<\/li><li>Beispiele zum \u00dcben<\/li><li>Eingehen auf Fragen<\/li><li>Ren\u00e9 Martin ist ein kompetenter Trainer<\/li><li>guter Dozent!<\/li><li>sehr hoher praktischer Nutzen<\/li><li>sehr qualifizierter Dozent! Hat Ahnung von seinem Fach gehabt.<\/li><li>Lockere unverkrampfte Stimmung, gute Lerngeschwindigkeit<\/li><li>Praktischer Bezug, individuelle Betreuung, sehr freundlicher und fachlich fundierter Trainer<\/li><li>klasse: die vielen Informationen, lockere F\u00fchrung des Kurses \u2013 netter Dozent!<\/li><li>sehr gut gefallen hat mir, dass der Trainer auf jede Frage eingegangen ist, die Zuh\u00f6rerschaft mit Fragen miteinbezogen.<\/li><li>The teacher is really good, the material he provides us is also good.<\/li><li>Rene created a very good learning environment and made the subject very interesting.<\/li><li>Dozent hat das Fachwissen gut \u00fcbermittelt<\/li><li>flexibler Umgang mit Fragen und Teilnehmerproblemen<\/li><li>Sehr gute praktische Orientierung<\/li><li>Gute Pr\u00e4sentation<\/li><li>Hoher praktischer Nutzen des Kurses f\u00fcr meine T\u00e4tigkeit<\/li><li>Ein wirklich sehr gelungenener, kurzweiliger Kurs mit einem sehr kompetenten Kursleiter. Herzlichen Dank!<\/li><li>gute \u00dcbungen!<\/li><li>Die Themen wurden sehr anschaulich pr\u00e4sentiert.<\/li><li>Wollte einfach nochmal Danke sagen f\u00fcr das wirklich sehr hilfreiche und interessante Seminar. Konnte so viel dazu lernen, hat echt Spa\u00df gemacht!<\/li><li>Gerade bin ich dabei, mit den Beispielen zu spielen um nach und nach zu mehr Routine zu finden.<\/li><li>Praxisnahe Beispiele<\/li><li>Erkennbarer Unterschied zwischen \u201eTrainer\u201c und \u201eDozent\u201c. Auch \u00fcber den Kurstag von 09:00 \u2013 16:30 Uhr wurde es nie langweilig.<\/li><li>Sehr gutes didaktisches und methodisches Vorgehen<\/li><li>Lebendige Vortragsweise und Motivierungsf\u00e4higkeit<\/li><li>Gut strukturierte Darstellung mit vielen praktischen \u00dcbungen<\/li><li>Herr Martin ist sehr gut auf Themenvorschl\u00e4ge und Fragen eingegangen und kann sehr gut erkl\u00e4ren<\/li><li>Alles zwei Mal wiederholt. Deswegen sehr verst\u00e4ndlich und gut um mitzukommen.<\/li><li>lockere, entspannte Atmosp\u00e4re<\/li><li>Kursleiter hat sehr angenehme Art der Informations\u00fcbermittlung<\/li><li>sehr informativ<\/li><li>sehr gut erkl\u00e4render Vortrag \u2013 kurzweilig<\/li><li>locker, guter Kursleiter, praktische \u00dcbungen<\/li><li>gute, praktische Tipps, auch f\u00fcr nicht unmittelbares Thema<\/li><li>klasse: zusammenfassende Wiederholungen<\/li><li>interessant gestaltet, nicht langweilig<\/li><li>praktische \u00dcbungen w\u00e4hrend des Lehrgangs<\/li><li>kurzweilig und entspannt \u2013 wieder etwas dazugelernt.<\/li><li>gute Strukturierung<\/li><li>auf Fragen wurde eingehend geantwortet<\/li><li>nicht \u201estaubtrocken\u201c \u2013 gut an Beispielen erkl\u00e4rt<\/li><li>Sehr humorvoll und kurzweilig pr\u00e4sentiert<\/li><li>verst\u00e4ndlicher, sympathischer Vortrag<\/li><li>Sehr praktische Beispiele, anschaulich dargestellt<\/li><li>sehr gute praktische Orientierung<\/li><li>gute Pr\u00e4entation<\/li><li>hoher praktischer Nutzen des Kurses f\u00fcr meine T\u00e4tigkeit<\/li><li>gute \u00fcbungen!<\/li><li>Die Themen wurden sehr anschaulich pr\u00e4sentiert.<\/li><li>Kurzweiligkeit<\/li><li>Eingehen auf Themen, die nicht direkt zum Thema geh\u00f6ren<\/li><li>sichere Beantwortung der Fragen<\/li><li>guter Aufbau<\/li><li>verst\u00e4ndliche Erkl\u00e4rungen<\/li><li>lockere Erkl\u00e4rungen<\/li><li>praktische \u00dcbungen<\/li><li>viele n\u00fctzliche Tipps zur Arbeitserleichterung<\/li><li>anschauliche Beispiele<\/li><li>ausgepr\u00e4gte Kenntnisse des Dozenten \u00fcber den Standardumfang hinaus<\/li><li>anschaulich :: individuell<\/li><li>sehr aufschlussreich<\/li><li>Eine der besten Schulungen, die ich jemals besucht habe.<\/li><li>Sehr kompetenter und angenehmer Dozent \u2013 vermittelt Inhalte sehr nachhaltig.<\/li><li>Angenehmer, abwechslungsreicher und interessanter Kurs, sehr gut vorgetragen, gute Atmosph\u00e4re<\/li><li>Dr. Martin ist ein hervorragender P\u00e4dagoge. Er strukturiert die Kurszeit ausgezeichnet in neues Lernen, \u00dcben, Wiederholen und Verfestigen. Die Zeit vergeht erstaunlich schnell \u2013 trotz \u201eschwerer Kost\u201c.<\/li><li>Die Schulung hat erneut best\u00e4tigt, dass Herr Martin zu den kompetentesten und p\u00e4dagogisch f\u00e4higsten Dozenten z\u00e4hlt, die uns zur Verf\u00fcgung stehen.<\/li><li>Besser gehts nicht.<\/li><li>Gro\u00dfes Lob!<\/li><li>Herr Martin geht sofort auf Fragen ein; erkl\u00e4rt es sehr ausf\u00fchrlich.<\/li><li>Sehr gute Einpr\u00e4gsamkeit durch st\u00e4ndige Wiederholungen<\/li><li>Sehr angenehme Atmosph\u00e4re<\/li><li>gute Struktur<\/li><li>Sehr individuellen Eingehen auf Fragen<\/li><li>Didaktisch gut aufgebaut<\/li><li>Viele praktische Beispiele<\/li><li>Lockere Art von Hr. Martin<\/li><li>Top Referent, kann wirklich alles! Absoluter Profi!<\/li><li>Viele Neuigkeiten\/ Interessantes\/ Tipps gelernt<\/li><li>Praxisnahe \u00dcbungen<\/li><li>Ich habe mir die Tage mal wieder Ihr Visio-Training angesehen \u2013 einfach klasse. F\u00fcr mich geh\u00f6ren Sie zu den besten IT-Trainern, die ich bislang kenne.<\/li><li>Gute Erkl\u00e4rungen<\/li><li>Gute Nachfragem\u00f6glichkeiten<\/li><li>Fachwissen des Referenten<\/li><li>Der Seminarleiter und die Erkl\u00e4rungen, super Referent, jederzeit wieder<\/li><li>Sehr netter Referent und gut vorbereitet<\/li><li>Gut strukturiert<\/li><li>Dozent ging auf alle Fragen ein<\/li><li>Praktische Themen f\u00fcr den t\u00e4glichen Arbeitsbereich<\/li><li>Sehr gute Pr\u00e4sentation des Mentors<\/li><li>Praxisbezug<\/li><li>Anwendung und Unterst\u00fctzung bei mitgebrachten Dateien<\/li><li>Sympathisch, hat unterschiedlichen Voraussetzungen bestm\u00f6glich ber\u00fccksichtigt<\/li><li>Kurzweiliges Seminar<\/li><li>Hilfreiche und n\u00fctzliche Tipps f\u00fcr die Praxis<\/li><li>Individuelle Fragestellungen wurden ausf\u00fchrlich beantwortet<\/li><li>Sehr strukturiert<\/li><li>Gute Wiederholung, was man alles machen kann<\/li><li>Herr Martin hat gottseidank alle Schritte immer wieder wiederholt, so konnte man gut mitschreiben und das angewandte verinnerlichen.<\/li><li>Was ich heute gelernt habe, kann ich sehr gut im meinem Bereich anwenden, da ich mit dem Programm t\u00e4glich arbeite. Es hat meine Kenntnissen schon erweitert.<\/li><li>Das Thema ist f\u00fcr einen Unterrichtstag sehr komplex, man sollte gut ausgeschlafen sein.<\/li><li>der Seminarleiter hat die Aufgaben und die Erkl\u00e4rungen hierzu gut in Verbindung gebracht hat.<\/li><\/ul>\n","protected":false},"excerpt":{"rendered":"<p>Einige Kommentare zu meinen Schulungen: viele n\u00fctzliche Hinweise zum \u201esauberen\u201c Formatieren Referent sehr engagiert und verst\u00e4ndlich! guter praktischer Bezug abwechslungsreicher &hellip; <\/p>\n","protected":false},"author":1,"featured_media":0,"parent":0,"menu_order":0,"comment_status":"closed","ping_status":"closed","template":"","meta":{"_mc_calendar":[]},"aioseo_notices":[],"_links":{"self":[{"href":"https:\/\/www.compurem.de\/index.php?rest_route=\/wp\/v2\/pages\/706"}],"collection":[{"href":"https:\/\/www.compurem.de\/index.php?rest_route=\/wp\/v2\/pages"}],"about":[{"href":"https:\/\/www.compurem.de\/index.php?rest_route=\/wp\/v2\/types\/page"}],"author":[{"embeddable":true,"href":"https:\/\/www.compurem.de\/index.php?rest_route=\/wp\/v2\/users\/1"}],"replies":[{"embeddable":true,"href":"https:\/\/www.compurem.de\/index.php?rest_route=%2Fwp%2Fv2%2Fcomments&post=706"}],"version-history":[{"count":1,"href":"https:\/\/www.compurem.de\/index.php?rest_route=\/wp\/v2\/pages\/706\/revisions"}],"predecessor-version":[{"id":707,"href":"https:\/\/www.compurem.de\/index.php?rest_route=\/wp\/v2\/pages\/706\/revisions\/707"}],"wp:attachment":[{"href":"https:\/\/www.compurem.de\/index.php?rest_route=%2Fwp%2Fv2%2Fmedia&parent=706"}],"curies":[{"name":"wp","href":"https:\/\/api.w.org\/{rel}","templated":true}]}}