{"id":703,"date":"2022-05-05T10:44:06","date_gmt":"2022-05-05T10:44:06","guid":{"rendered":"http:\/\/www.compurem.de\/?page_id=703"},"modified":"2022-05-05T10:44:07","modified_gmt":"2022-05-05T10:44:07","slug":"kommentare","status":"publish","type":"page","link":"https:\/\/www.compurem.de\/?page_id=703","title":{"rendered":"Kommentare"},"content":{"rendered":"\n<p>Einige Kommentare zu meinen Lernvideos:<\/p>\n\n\n\n<ul><li>Genau richtig (f\u00fcr mich) was Tempo, Schwierigkeit, usw. angeht<\/li><li>Es wird super erkl\u00e4rt, alles ist relevant und das meiste ist tats\u00e4chlich f\u00fcr normale Wordnutzer, ohne all zu gro\u00dfe Vorkenntnisse. Ich bin regelrecht begeistert.<\/li><li>hervorragende Vermittlung der Grundlagen<\/li><li>Gute Erkl\u00e4rungen.Einfache Beispiele.Sehr verst\u00e4ndlich<\/li><li>Klasse<\/li><li>Gut und ausf\u00fchrlich erkl\u00e4rt<\/li><li>Praxisnahe Anleitungen und Tipps<\/li><li>Sehr informativ und gut ausformuliert und sehr gut verst\u00e4ndlich.<\/li><li>Sehr anschaulich und gut nachvollziehbare Erkl\u00e4rungen<\/li><li>Ich finde die praktischen Beispiele gut<\/li><li>Inhalte sind gut erkl\u00e4rt und verst\u00e4ndlich<\/li><li>Der gute Erkl\u00e4rung. Die Benutzerdefinierten Formate machen doch viel M\u00f6glich<\/li><li>Der Kurs ist sehr hilfreich, jedoch wird vieles mehrmals wiederholt, was bestimmt auch seine Vorteile haben kann, aber andererseits auch mehr Zeit in Anspruch nimmt und manche Zuh\u00f6rer in Ungeduld versetzen kann.<\/li><li>Danke f\u00fcr diese nette, lustige, kurzweilige Schulung mit so viel n\u00fctzlichen Tipps und Tricks! Ich bin begeistert!<\/li><li>Der Kurs ist sehr interessant und Schritt f\u00fcr Schritt aufgebaut.<\/li><li>der Kurs ist \u00fcbersichtlich, verst\u00e4ndlich und in langsamem Tempo aufgezeichnet, das gef\u00e4llt mir gut.<\/li><li>Ein genialer Dozent mit tollen Erkl\u00e4rungen<\/li><li>Sehr gute Erkl\u00e4rung f\u00fcr Anf\u00e4nger<\/li><li>Sehr gute Tipps, allerdings stimmt die Tastenkombination f\u00fcr Erweiterte Suche nicht. Es ist nicht SHIFT + STRG + F sondern STRG + ALT + Y.https:\/\/support.office.com\/de-de\/article\/tastenkombinationen-f%C3%BCr-outlook-3cdeb221-7ae5-4c1d-8c1d-9e63216c1efd#bkmk_search<\/li><li>Guter Kurs, Gab etliches Neues f\u00fcr mich.<\/li><li>Prinzipiell leicht verst\u00e4ndlich, \u00dcbergang sub zu fruction nicht intensiv genug<\/li><li>Herr Martin erkl\u00e4rt gro\u00dfartig! Er ist praxisbezogen, verwendet viele Beispiele, hat eine angenehme Stimme und die Witze hier und da schaffen eine tolle Atmosph\u00e4re, die das Zuh\u00f6ren nie langweilig macht. DANKE!<\/li><li>toll<\/li><li>Eine sehr deutliche Erkl\u00e4rung mit klare Beispiele. Bin voll damit zufrieden!!!<\/li><li>Ideal, wenn man kryptische Excel Dateien von Kollegen \u00fcbernehmen und verstehen muss<\/li><li>klare und kurze Erkl\u00e4rung von vielen Tipps und Tricks die man erst kennen muss damit man feststellt wie sehr sie einem gefehlt haben.<\/li><li>Die vorgestellten Optionen sind sehr gut verst\u00e4ndlich erkl\u00e4rt. Auch das Tempo ist so gew\u00e4hlt, dass sich alles gut verfolgen l\u00e4sst.<\/li><li>Klar und deutlich erkl\u00e4rt, danke<\/li><li>Lerne sehr viele neue Methoden, von denen ich nicht wusste das es m\u00f6glich ist.<\/li><li>toll\u2026 da erf\u00e4hrt man Sachen, die man nicht mal auf der Liste hatte<\/li><li>Die Erkl\u00e4rung ist deutlich und einfach<\/li><li>Auch wenn man das alles ev. nicht anwenden wird, oder wenn man das von vorn herein nicht braucht, oder sogar das richtige Programm installiert hat, da sind auf jeden Fall wichtige Tips und Grundlagen um schnell und leicht damit vorw\u00e4rts zu kommen.<\/li><li>komplexe Inhalte gut und verst\u00e4ndlich und in kleinen, nachvollziehbaren Schritten hervorragend erkl\u00e4rt. Rene hat eine klare und sympathische Stimme, der man gut folgen kann. Der strukturierte Aufbau der Kurse l\u00e4sst es nicht langweilig werden.<\/li><li>Ich bin selber EXCEL Profi und lerne gerade noch neue Handling-Features die mir tats\u00e4chlich noch nicht gel\u00e4ufig waren. Die Kurse sind sehr gut dargestellt und erl\u00e4utert. Gro\u00dfes Kompliment !<\/li><li>alles sehr verst\u00e4ndlich erkl\u00e4rt.<\/li><li>Es gibt durchaus Themen, welche durchs blo\u00dfe durchklicken und probieren nicht ganz schl\u00fcssig sind. Nach den ausf\u00fchlichen Erl\u00e4uterungen schon. Sehr angenehm.<\/li><li>Sehr gute M\u00f6glichkeit, sich warm zu laufen<\/li><li>Sehr gut mal intensiv \u00fcber die Funktionen etwas zu erfahren.<\/li><li>Dieser Kurs ist bis jetzt das beste was ich an Anleitungen zu Office 365 gefunden habe. Der Umfang der einzelnen Themengebiete ist sehr reichhaltig jedoch manchmal auch von den Themengebieten sehr lang. K\u00fcrzere Zwischentests w\u00e4hren meiner Meinung nach Sinnvoller gerade f\u00fcr Neulinge auf LinkedIn Learning man m\u00f6chte Sie ja nicht gleich mit Wissen erschlagen oder verschrecken.<\/li><li>Gut erkl\u00e4rt, gutes Tempo, anschauliche Beispiele<\/li><li>Sehr zu empfehlen. Nicht nur, weil der X-Verweis toll ist. Herr Martin erkl\u00e4rt und erl\u00e4utert auch auf eine sehr angenehme und professionelle Art und Weise.<\/li><li>Sehr angenehme Erkl\u00e4rweise.<\/li><li>Trainer erkl\u00e4rt die Schritte sehr gut<\/li><li>Gute Erg\u00e4nzung zu einem Grundkurs. Sehr guter Praxisbezug.<\/li><li>Lerninhalte von Ren\u00e9 Martin sind allererste Klasse! Einer meiner Lieblingstrainer\/-dozenten.<\/li><li>Angenehme StimmeSprechthempo f\u00fcr Frischlinge sehr gut<\/li><li>Gute Erkl\u00e4rungen zur Funktion Aggregat<\/li><li>Sehr genau Erkl\u00e4rung!<\/li><li>sehr zufrieden, ja, unbedingt.<\/li><li>Einige Funktionen entdeckt, welche oft zur Anwendung kommen und einfacher sind als mit SVereweisEinfache und verst\u00e4ndliche Beispiele<\/li><li>Super einfach erkl\u00e4rt aber trotzdem detailliert.<\/li><li>Eine interessante Funktion sehr anschaulich erl\u00e4utert. Diese Funktion ist nicht so sehr selbsterkl\u00e4rend, daher ist dieser Kurs extrem hilfreich<\/li><li>sehr kompetenter Trainer! mir gef\u00e4llt die Art wie er vortr\u00e4gt sehr!<\/li><li>Sehr gut Erl\u00e4rung. Gut strukturiert. Ruhige sonore Stimme.<\/li><li>TOP<\/li><li>Prima verst\u00e4ndlich<\/li><li>sehr ruhige Erkl\u00e4rungen<\/li><li>Sehr informativ<\/li><li>Sehr zufrieden. Kann ich weiterempfehlen<\/li><li>Der Kurs war in Kurze aber ausf\u00fchrliche Kapitel unterteilt<\/li><li>Sehr sympathische, verst\u00e4ndliche, n\u00fctzliche und gut strukturierte Erkl\u00e4rungen. Mit Abstand die besten Videos die ich bis jetzt zu Excel gefunden habe.<\/li><li>Sehr gut in ruhigem Tempo erkl\u00e4rt. Besonders gef\u00e4llt mir, dass auch die Zwischenschritte und weitere Excelfunktionen zus\u00e4tzlich erkl\u00e4rt werden<\/li><li>Sehr gut erkl\u00e4rt.<\/li><li>Hervorragender sehr systematisch und p\u00e4dagogisch einwandfreier Lehrer. Top.<\/li><li>Da ist kurz und knapp alles enthalten, was f\u00fcr Outlook wichtig ist.<\/li><li>Dieser Kurs gibt eine ausf\u00fchrliche, anschauliche Schritt-f\u00fcr-Schritt Anleitung und zeigt immere mehrere M\u00f6glichkeiten auf.<\/li><li>Gef\u00e4llt mir super! Sehr gut erkl\u00e4rt, angenehme Stimme. Das Tempo ist auch gut gew\u00e4hlt.<\/li><li>gut erkl\u00e4rt und verst\u00e4ndlich<\/li><li>Sehr gut erkl\u00e4rt mit vielen interessanten Tipps und tollen Eselsbr\u00fccken.<\/li><li>Vielen Dank f\u00fcr die sehr n\u00fctzlichen Tricks. Vieles hat man l\u00e4ngst vergessen (nicht oft im Gebrauch) und wurde so wieder ins Bewusstsein ger\u00fcckt. Der eine oder andere Trick war neu f\u00fcr mich und hilft mir in manchen Situations sehr \ud83d\ude42<\/li><li>Es freut mich mit einfacher Erkl\u00e4rung und guten Beispielen noch kleine Feinheiten hinzuzulernen. Vielen lieben Dank<\/li><li>Tausend Dank f\u00fcr so super leicht und informative Erkl\u00e4rungen<\/li><li>der Autor vermittelt gern. Er nimmt sich gern selbst auf die Schippe. tolle Zeit, die ich hier verbringe.<\/li><li>klar und \u00fcbersichtlich erstellt, nur die Beispieldaten konnte ich nicht herunterladen.<\/li><li>Sehr gut<\/li><li>sehr konstuktiv aufgebaut und verst\u00e4ndlich<\/li><li>super erkl\u00e4rt mit super Praxis-Beispielen, Geschwindigkeit passt auch gut, ein sehr angenehmer Trainer<\/li><li>Sehr locker aber dennoch sehr informativ dargestellt<\/li><li>Angenehme Art zu erkl\u00e4ren, ausf\u00fchrlich, Beispiele, Hintergrund &#8211; alles drin<\/li><li>Informativ, hilfreich, tr\u00e4gt dazu bei schneller und effektiver mit Word zu arbeiten.<\/li><li>Super<\/li><li>Die wichtigen und n\u00fctzlichen Themen werden aufgegriffen. Praxisorientiert und in jedem Fall die Effizienz steigernd.<\/li><li>In allen Punkten 5 Sterne. Sympathischer Trainer, Themen sehr gut gew\u00e4hlt und auch chronologisch sehr gut abgearbeitet. Das zusehen und lernen macht bei diesem Trainer einfach Spa\u00df. Vielen Dank und weiter so!<\/li><li>Sehr gut erkl\u00e4rt und die Infos helfen enorm bei der t\u00e4glichen Arbeit.<\/li><li>Verst\u00e4ndlich erkl\u00e4<\/li><li>Super Kurs und sehr verst\u00e4ndlich! So viel Informationen! Super!<\/li><li>Viele gute Erkl\u00e4rungen und Definitionen. Gute Sprachgeschwindigkeit und guten Satzl\u00e4ngen.<\/li><li>Sehr anschaulich erl\u00e4utert so dass auch nicht so erfahrene Teilnehmer folgen k\u00f6nnen. Der Sverweis sollte aber in den Grundz\u00fcgen bekannt sein. Ich teile die Begeisterung f\u00fcr den Xverweis!!!!Ein gro\u00dfes &#8222;Dankesch\u00f6n&#8220; an den Trainer<\/li><li>Eine gute Empfehlung zur Anwendung.<\/li><li>Hervorragend, auch ganz allgemein zum Verst\u00e4ndnis von Prozessen und Planung von Projekten.<\/li><li>gute Erkl\u00e4rungen und gute Beispiele<\/li><li>Sehr gute Erkl\u00e4rung<\/li><li>Es ist oft so, dass nicht alle Befehle im t\u00e4glichen von Word genutzt werden und somit hat man die M\u00f6glichkeit Word besser zu nutzen.<\/li><li>Viel Neues geh\u00f6rt!<\/li><li>Sehr gut aufgebaut und verst\u00e4ndlich.<\/li><li>Immer wenn man denkt &#8222;Kenne ich doch schon oder brauch ich das?&#8220; wird eine Funktion erkl\u00e4rt, eine Besonderheit oder ein Tipp gegeben die man wirklich sehr gut verwenden kann. Ich konnte mein Wissen dadurch tats\u00e4chlich vertiefen.<\/li><li>Top Dozent &#8211; einer der besten!<\/li><li>gute, knappe Erkl\u00e4rung<\/li><li>Sehr gute Schulung zum Einstieg in Outlook<\/li><li>Sehr gutes Tempo, man kann gut folgen!<\/li><li>wirklich super!<\/li><li>Sehr sympathischer Kursleiter! Praktische Beispiele werden leicht verst\u00e4ndlich in einem sehr angenehmen Tempo besprochen. Der Kurs ist gut nachvollziehbar, man hat genug Zeit, zeitgleich zum Kurs die besprochen Aufgaben am heimischen PC zu testen!<\/li><li>Ich konnte dem angenehm kurzen, gut strukturierten angenehm erkl\u00e4rten Kurs viel entnehmen.<\/li><li>Ausf\u00fchrliche Einf\u00fchrung in Visio 2016.<\/li><li>Viel dazu gelernt, auch abseits von Aggregat()<\/li><li>Bis jetzt alles super!<\/li><li>Sehr effektive Struktur, Ausdrucksweise und Verst\u00e4ndlichkeit<\/li><li>sachlich, strukturiert<\/li><li>Einige Kapitel waren nicht interessant \/ relevant f\u00fcr mich.<\/li><li>Rene Martin ist der Beste ! Hammer, was er alles drauf hat und wie gut und unterhaltsam er den Stoff r\u00fcberbringen kann.<\/li><li>Sehr gute, pr\u00e4zise und verst\u00e4ndliche Erkl\u00e4<\/li><li>Keine komplizierte Sprache. Es wird kein Basiswissen vorausgesetzt. Langsam gesprochen, ich kann gut folgen. Wenn ich zum Einpr\u00e4gen eine Wiederholung w\u00fcnsche, kann ich den Regler zielgenau zur\u00fcckdrehen, das gibt mir das Gef\u00fchl, nichts verpasst zu haben. :o)<\/li><li>Ich wende schon viele Jahrzehnte Word an und trotzdem kann ich aus fast jedem einzelnen, noch so scheinbar banalem Kapitel, interessante Abk\u00fcrzungen oder Zusatzinformationen rausziehen. Diese fallen sozusagen auf fruchtbaren Boden durch die lange Nutzung von Word. Ich denke aber das es sein kann, dass es f\u00fcr absolute Anf\u00e4nger zu viel Information ist und die Ruckzuck einen Speicher\u00fcberlauf haben. \ud83d\ude09 Danke daf\u00fcr.<\/li><li>Positiv \u00fcberrascht<\/li><li>Sehr gute Erkl\u00e4rungen zu short-cuts, optimierter Anwendung und fl\u00fcssigerem Arbeiten.<\/li><li>Der Dozent Martin ist immer absolute Spitze!<\/li><li>Sehr ausf\u00fchrlich und Step bei Step erkl\u00e4rt, super f\u00fcr Einsteiger.<\/li><li>Neben der Funktion Aggregat() habe ich auch andere interessante Funktionen &#8222;nebenbei&#8220; kennengelernt<\/li><li>Klasse, wenn man wo den Faden verliert kann man gleich wieder zur\u00fcck das nach verfolgen.<\/li><li>Sehr gute, verst\u00e4ndliche Herangehensweise, so dass Fehler vermieden und das gew\u00fcnschte Ergebnis erzielt wird.<\/li><li>Besonders als Anf\u00e4nger werden einem die Grundlagen und Funktionen des Programms Schritt f\u00fcr Schritt sehr detailgetreu und verst\u00e4ndlich erkl\u00e4rt. Der Kurs ist sehr gut strukturiert, es wird langsam und deutlich gesprochen und alles wird anhand von Beispielen erl\u00e4utert.<\/li><li>Er erkl\u00e4rt es &#8222;Idiotensicher&#8220;. Perfekt<\/li><li>Klare und sehr anschauliche Erkl\u00e4rungen. Ruhige und manchmal auch humorvolle Erl\u00e4uterung des Lehrstoffes.<\/li><li>Sehrr guter Kurs. Macht Spa\u00df. Vielen Dank!<\/li><li>weiter so \ud83d\ude09<\/li><li>Ich kann auf meinem Rhythmus arbeiten<\/li><li>Top Erkl\u00e4rungen von Anfang an<\/li><li>Obwohl ich Excel schon lange verwende, gibt es noch zahlreiche Funktionen, die man noch nicht kennt und in der Zukunft n\u00fctzlich sind.<\/li><\/ul>\n","protected":false},"excerpt":{"rendered":"<p>Einige Kommentare zu meinen Lernvideos: Genau richtig (f\u00fcr mich) was Tempo, Schwierigkeit, usw. angeht Es wird super erkl\u00e4rt, alles ist &hellip; <\/p>\n","protected":false},"author":1,"featured_media":0,"parent":0,"menu_order":0,"comment_status":"closed","ping_status":"closed","template":"","meta":{"_mc_calendar":[]},"aioseo_notices":[],"_links":{"self":[{"href":"https:\/\/www.compurem.de\/index.php?rest_route=\/wp\/v2\/pages\/703"}],"collection":[{"href":"https:\/\/www.compurem.de\/index.php?rest_route=\/wp\/v2\/pages"}],"about":[{"href":"https:\/\/www.compurem.de\/index.php?rest_route=\/wp\/v2\/types\/page"}],"author":[{"embeddable":true,"href":"https:\/\/www.compurem.de\/index.php?rest_route=\/wp\/v2\/users\/1"}],"replies":[{"embeddable":true,"href":"https:\/\/www.compurem.de\/index.php?rest_route=%2Fwp%2Fv2%2Fcomments&post=703"}],"version-history":[{"count":1,"href":"https:\/\/www.compurem.de\/index.php?rest_route=\/wp\/v2\/pages\/703\/revisions"}],"predecessor-version":[{"id":704,"href":"https:\/\/www.compurem.de\/index.php?rest_route=\/wp\/v2\/pages\/703\/revisions\/704"}],"wp:attachment":[{"href":"https:\/\/www.compurem.de\/index.php?rest_route=%2Fwp%2Fv2%2Fmedia&parent=703"}],"curies":[{"name":"wp","href":"https:\/\/api.w.org\/{rel}","templated":true}]}}