{"id":559,"date":"2021-05-18T11:49:21","date_gmt":"2021-05-18T11:49:21","guid":{"rendered":"http:\/\/www.compurem.de\/?page_id=559"},"modified":"2021-08-09T21:27:10","modified_gmt":"2021-08-09T21:27:10","slug":"strgq","status":"publish","type":"page","link":"https:\/\/www.compurem.de\/?page_id=559","title":{"rendered":"[Strg]+[Q]"},"content":{"rendered":"\n<p>Die Daten\u00fcberpr\u00fcfung in Excel in klasse. So kann man sicherstellen, dass nur bestimmte Werte aus einer vorgegebenen Liste eingetragen werden. Allerdings: die Dropdownliste der Daten\u00fcberpr\u00fcfung wird bei langen Listen schnell unangenehm. Deshalb habe ich ein kleines Add-In geschrieben, das hier Abhilfe schafft. Es zeigt die Eintr\u00e4ge an; man kann schnell \u00fcber den ersten oder \u00fcber die ersten Buchstaben zu einem bestimmten Eintrag springen, man kann die Liste sortieren &#8211; ja man kann auch Eintr\u00e4ge verwenden, die <strong>nicht <\/strong>in der Liste vorkommen.<\/p>\n\n\n\n<p>Gerne k\u00f6nnen Sie eines meiner Add-Ins StrgQ herunterladen und f\u00fcr private Zwecke verwenden. Die drei Add-Ins unterscheiden sich lediglich durch die Gr\u00f6\u00dfe &#8211; bei einem normal gro\u00dfen Bildschirm ist Strg+Q gut geeignet. Der Code ist offen und einsehbar. Es werden nur die Listenwerte ausgelesen und in die aktive Zelle eingetragen.<\/p>\n\n\n\n<p>Wenn Sie dieses Add-In professionell einsetzen m\u00f6chten, verkaufe ich es Ihnen gegen einen Unkostenbeitrag von 10 Euro (incl. MWSt). Wenden Sie sich bitte an mich (rene.martin@compurem.de) &#8211; Sie erhalten dann auch eine detaillierte Beschreibung der Funktionsweise und eine offizielle Rechnung f\u00fcr die Benutzung des Add-Ins.<\/p>\n\n\n\n<figure class=\"wp-block-image size-large\"><img decoding=\"async\" loading=\"lazy\" width=\"812\" height=\"977\" src=\"https:\/\/www.compurem.de\/wp-content\/uploads\/2021\/05\/20210518Datenueberpruefung.png\" alt=\"\" class=\"wp-image-560\" srcset=\"https:\/\/www.compurem.de\/wp-content\/uploads\/2021\/05\/20210518Datenueberpruefung.png 812w, https:\/\/www.compurem.de\/wp-content\/uploads\/2021\/05\/20210518Datenueberpruefung-249x300.png 249w, https:\/\/www.compurem.de\/wp-content\/uploads\/2021\/05\/20210518Datenueberpruefung-768x924.png 768w\" sizes=\"(max-width: 812px) 100vw, 812px\" \/><\/figure>\n\n\n\n<p>Download (XLMA):<\/p>\n\n\n\n<p><a href=\"buecherdownloads\/StrgQ.xlam\">[Strg] + [Q]<\/a><\/p>\n\n\n\n<p><a href=\"buecherdownloads\/StrgQ_mittel.xlam\">[Strg] + [Q] (mittel) <\/a><\/p>\n\n\n\n<p><a href=\"buecherdownloads\/StrgQ_klein.xlam\">[Strg] + [Q] (klein) <\/a><\/p>\n\n\n\n<p>Download der alten Add-Ins (XLA):<\/p>\n\n\n\n<p><a href=\"buecherdownloads\/StrgQ2.xla\">[Strg] + [Q]<\/a><\/p>\n\n\n\n<p><a href=\"buecherdownloads\/StrgQ_mittel2.xla\">[Strg] + [Q] (mittel) <\/a><\/p>\n\n\n\n<p><a href=\"buecherdownloads\/StrgQ_klein2.xla\">[Strg] + [Q] (klein) <\/a><\/p>\n","protected":false},"excerpt":{"rendered":"<p>Die Daten\u00fcberpr\u00fcfung in Excel in klasse. So kann man sicherstellen, dass nur bestimmte Werte aus einer vorgegebenen Liste eingetragen werden. &hellip; <\/p>\n","protected":false},"author":1,"featured_media":0,"parent":0,"menu_order":0,"comment_status":"closed","ping_status":"closed","template":"","meta":{"_mc_calendar":[]},"aioseo_notices":[],"_links":{"self":[{"href":"https:\/\/www.compurem.de\/index.php?rest_route=\/wp\/v2\/pages\/559"}],"collection":[{"href":"https:\/\/www.compurem.de\/index.php?rest_route=\/wp\/v2\/pages"}],"about":[{"href":"https:\/\/www.compurem.de\/index.php?rest_route=\/wp\/v2\/types\/page"}],"author":[{"embeddable":true,"href":"https:\/\/www.compurem.de\/index.php?rest_route=\/wp\/v2\/users\/1"}],"replies":[{"embeddable":true,"href":"https:\/\/www.compurem.de\/index.php?rest_route=%2Fwp%2Fv2%2Fcomments&post=559"}],"version-history":[{"count":5,"href":"https:\/\/www.compurem.de\/index.php?rest_route=\/wp\/v2\/pages\/559\/revisions"}],"predecessor-version":[{"id":592,"href":"https:\/\/www.compurem.de\/index.php?rest_route=\/wp\/v2\/pages\/559\/revisions\/592"}],"wp:attachment":[{"href":"https:\/\/www.compurem.de\/index.php?rest_route=%2Fwp%2Fv2%2Fmedia&parent=559"}],"curies":[{"name":"wp","href":"https:\/\/api.w.org\/{rel}","templated":true}]}}