{"id":33,"date":"2020-04-13T11:12:35","date_gmt":"2020-04-13T11:12:35","guid":{"rendered":"http:\/\/compurem.de\/?page_id=33"},"modified":"2020-04-13T11:12:36","modified_gmt":"2020-04-13T11:12:36","slug":"dsgvo","status":"publish","type":"page","link":"https:\/\/www.compurem.de\/?page_id=33","title":{"rendered":"DSGVO"},"content":{"rendered":"\n<h1 id=\"willkommen\">Datenschutz-Grundverordnung<\/h1>\n\n\n\n<p>I. Allgemeines zur Datenverarbeitung<br>1. Umfang der Verarbeitung personenbezogener Daten<br>Grunds\u00e4tzlich\n k\u00f6nnen Sie uns (also Internetservices insbesondere die Webseite \ncompurem.de) besuchen ohne uns mitzuteilen, wer Sie sind. Durch den \nBesuch auf unserer Webseite \u00fcbermittelt Ihr Browser automatisch diverse \nDaten, siehe unten (II. Bereitstellung der Webseite und Erstellung von \nLogfiles). Diese Informationen werden zu rein statistischen Zwecken \nausgewertet und danach gel\u00f6scht. Unsere Dienste sind vollj\u00e4hrigen \nBesuchern vorbehalten.<br>Personenbezogene Daten werden auf unserer \nWebseite grunds\u00e4tzlich nur dann erhoben, wenn Sie uns diese von sich aus\n senden. Wir nutzen diese Daten ausschlie\u00dflich zu den jeweils \nangegebenen Zwecken, wie nachfolgend gelistet.<br>2. Rechtsgrundlage f\u00fcr die Verarbeitung personenbezogener Daten<br>Soweit\n wir f\u00fcr Verarbeitungsvorg\u00e4nge personenbezogener Daten eine Einwilligung\n der betroffenen Person einholen, dient Art. 6 Abs. 1 lit. a DSGVO als \nRechtsgrundlage f\u00fcr die Verarbeitung personenbezogener Daten.<br>Bei der\n Verarbeitung von personenbezogenen Daten, die zur Erf\u00fcllung eines \nVertrags, dessen Vertragspartei die betroffene Person ist, erforderlich \nist, dient Art. 6 Abs. 1 lit. b DSGVO als Rechtsgrundlage.<br>Die \nVerarbeitung personenbezogener Daten ist gem. Art. 6 Abs. 1 lit. f) auch\n rechtm\u00e4\u00dfig, wenn sie zur Wahrung der berechtigten Interessen des \nVerantwortlichen oder eines Dritten erforderlich ist, sofern nicht die \nInteressen oder Grundrechte und Grundfreiheiten der betroffenen Person, \ndie den Schutz personenbezogener Daten erfordern, \u00fcberwiegen, \ninsbesondere dann, wenn es sich bei der betroffenen Person um ein Kind \nhandelt.<br>II. Bereitstellung der Webseite und Erstellung von Logfiles<br>1. Beschreibung und Umfang der Datenverarbeitung<br>Bei\n jedem Aufruf unserer Webseite erfasst unser System automatisiert Daten \nund Informationen vom Computersystem des aufrufenden Rechners.<br>Folgende Daten werden hierbei erhoben:<br>1. Informationen \u00fcber den Browsertyp, -sprache und die verwendete Version<br>2. Das Betriebssystem des Nutzers<br>3. Datum und Uhrzeit\/Zeitzone des Zugriffs<br>4. Inhalt der Anforderung (konkrete Seite)<br>5. Zugriffsstatus\/http-Statuscode<br>6. Webseiten, von denen das System des Nutzers auf unsere Webseite gelangt<br>7. Webseiten, die vom System des Nutzers \u00fcber unsere Webseite aufgerufen werden<br><br>Die\n Daten werden ebenfalls in den Logfiles unseres Systems gespeichert. \nEine Speicherung dieser Daten zusammen mit anderen personenbezogenen \nDaten des Nutzers findet nicht statt. Jedoch Im Falle eines Fehlers bei \neiner Schnittstellen-Abfrage loggen wir zus\u00e4tzlich die ID (pseudonyme \nIdentifikation), die IP-Adresse sowie die betreffende http-Anfrage, \nsofern genutzt die E-Mail des anfragenden Nutzers, um sp\u00e4tere \nFehleranalyse und -behebung zu erm\u00f6glichen.<br>2. Rechtsgrundlage f\u00fcr die Datenverarbeitung<br>Soweit\n unsere Logfiles eine Verarbeitung personenbezogener Daten bedeuten, ist\n Rechtsgrundlage Art. 6 Abs. 1 lit. b, lit. f DSGVO.<br>3. Zweck der Datenverarbeitung<br>Die\n vor\u00fcbergehende Speicherung der IP-Adresse durch das System ist i. S. d.\n Art. 6 Abs. 1 lit. b DSGVO notwendig, um eine Auslieferung der Webseite\n an den Rechner des Nutzers zu erm\u00f6glichen. Hierf\u00fcr muss die IP-Adresse \ndes Nutzers f\u00fcr deren Dauer gespeichert bleiben. Das wiederholte \nautomatisierte Auslesen der Webseiten (sog. Scraping) wird durch \nErfassen der IP-Adresse ebenfalls erschwert. Die Speicherung der Daten \nim Falle eines Fehlers ist i. S. d. Art. 6 Abs. 1 lit. f DSGVO \nerforderlich, um die Funktionsf\u00e4higkeit der Webseite sicherzustellen.<br>4. Dauer der Speicherung<br>Die\n Daten werden gel\u00f6scht, sobald sie f\u00fcr die Erreichung des Zweckes ihrer \nErhebung nicht mehr erforderlich sind. Im Falle der IP-Adresse wird \ndiese gek\u00fcrzt, also anonymisiert wenn die jeweilige Sitzung beendet ist.\n Die Daten weisen sodann keinen Personenbezug mehr auf. Die gesamten \nLogfiles werden nach 90 Tagen gel\u00f6scht.<br>5. Widerspruchs- und Beseitigungsm\u00f6glichkeit<br>Die\n Erfassung der Daten zur Bereitstellung der Webseite und die Speicherung\n der Daten in Logfiles ist f\u00fcr den Betrieb der Webseite zwingend \nerforderlich. Es besteht folglich seitens des Nutzers keine \nWiderspruchsm\u00f6glichkeit.<br>III. Verwendung von Cookies<br>1. Beschreibung und Umfang der Datenverarbeitung<br>Die Webseiten verwenden keine Cookies.<br>IV. Registrierung<br>1. Beschreibung und Umfang der Datenverarbeitung<br>Auf\n unserer Webseite bieten wir Nutzern die M\u00f6glichkeit, sich unter Angabe \npersonenbezogener Daten zu registrieren, wenn Sie einen Kommentar \nhinterlassen m\u00f6chten. Die Daten werden dabei in eine Eingabemaske \neingegeben und an uns \u00fcbermittelt und gespeichert. Eine Weitergabe der \nDaten an Dritte findet nicht statt. Folgende Daten werden im Rahmen des \nRegistrierungsprozesses erhoben:<br>Im Zeitpunkt der Registrierung werden zudem folgende Daten gespeichert:<br>1. Datum und Uhrzeit der Registrierung<br>2. Rechtsgrundlage f\u00fcr die Datenverarbeitung<br>Rechtsgrundlage f\u00fcr die Verarbeitung der Daten ist Art. 6 Abs. 1 lit. a und lit. b DSGVO.<br>3. Zweck der Datenverarbeitung<br>Der\n Nutzer gibt seine Einwilligung. Eine Registrierung des Nutzers ist zur \nErf\u00fcllung eines Vertrages mit dem Nutzer bzw. zur Durchf\u00fchrung \nvorvertraglicher Ma\u00dfnahmen erforderlich.<br>4. Widerspruchs- und Beseitigungsm\u00f6glichkeit<br>Als\n Nutzer haben sie jederzeit die M\u00f6glichkeit, die Registrierung \naufzul\u00f6sen durch E-Mail an unseren Support. Die \u00fcber Sie gespeicherten \nDaten k\u00f6nnen Sie jederzeit ab\u00e4ndern lassen. Weitere Informationen siehe \nunten (Rechte der betroffenen Person).<br>Sind die Daten zur Erf\u00fcllung \neines Vertrages oder zur Durchf\u00fchrung vorvertraglicher Ma\u00dfnahmen \nerforderlich, ist eine vorzeitige L\u00f6schung der Daten nur m\u00f6glich, soweit\n nicht vertragliche oder gesetzliche Verpflichtungen einer L\u00f6schung \nentgegenstehen.<br>V. E-Mail-Kontakt<br>1. Beschreibung und Umfang der Datenverarbeitung<br>Auf\n unserer Webseite ist eine E-Mail-Adresse bereitgestellt. In diesem Fall\n werden die mit der E-Mail \u00fcbermittelten personenbezogenen Daten des \nNutzers gespeichert.<br>2. Rechtsgrundlage f\u00fcr die Datenverarbeitung<br>Rechtsgrundlage f\u00fcr die Verarbeitung der Daten ist bei Vorliegen einer Einwilligung des Nutzers Art. 6 Abs. 1 lit. a DSGVO.<br>3. Zweck der Datenverarbeitung<br>Der\n Nutzer gibt seine Einwilligung. Die Verarbeitung der personenbezogenen \nDaten aus der Eingabemaske dient uns zur Bearbeitung der \nKontaktaufnahme.<br>4. Dauer der Speicherung<br>Die Daten werden \ngel\u00f6scht, sobald sie f\u00fcr die Erreichung des Zweckes ihrer Erhebung nicht\n mehr erforderlich sind. F\u00fcr die personenbezogenen Daten, die per E-Mail\n \u00fcbersandt wurden, ist dies dann der Fall, wenn die jeweilige \nKonversation mit dem Nutzer beendet ist. Beendet ist die Konversation \ndann, wenn sich aus den Umst\u00e4nden sicher entnehmen l\u00e4sst, dass der \nbetreffende Sachverhalt abschlie\u00dfend gekl\u00e4rt ist.<br>5. Widerspruchs- und Beseitigungsm\u00f6glichkeit<br>Der\n Nutzer hat jederzeit die M\u00f6glichkeit, seine Einwilligung zur \nVerarbeitung der personenbezogenen Daten zu widerrufen. Nimmt der Nutzer\n per E-Mail Kontakt mit uns auf, so kann er der Speicherung seiner \npersonenbezogenen Daten jederzeit widersprechen. In einem solchen Fall \nkann die Konversation nicht fortgef\u00fchrt werden. Weitere Informationen \nsiehe unten (Rechte der betroffenen Person).<br>VI. Rechte der betroffenen Person<br>Werden\n personenbezogene Daten von Ihnen verarbeitet, sind Sie Betroffener i. \nS. d. DSGVO und es stehen Ihnen folgende Rechte gegen\u00fcber dem \nVerantwortlichen zu:<br>1. Auskunftsrecht<br>Sie k\u00f6nnen von dem \nVerantwortlichen eine Best\u00e4tigung dar\u00fcber verlangen, ob personenbezogene\n Daten, die Sie betreffen, von uns verarbeitet werden.<br>Liegt eine solche Verarbeitung vor, k\u00f6nnen Sie von dem Verantwortlichen \u00fcber folgende Informationen Auskunft verlangen:<br>1. die Zwecke, zu denen die personenbezogenen Daten verarbeitet werden;<br>2. die Kategorien von personenbezogenen Daten, welche verarbeitet werden;<br>3.\n die Empf\u00e4nger bzw. die Kategorien von Empf\u00e4ngern, gegen\u00fcber denen die \nSie betreffenden personenbezogenen Daten offengelegt wurden oder noch \noffengelegt werden;<br>4. die geplante Dauer der Speicherung der Sie \nbetreffenden personenbezogenen Daten oder, falls konkrete Angaben hierzu\n nicht m\u00f6glich sind, Kriterien f\u00fcr die Festlegung der Speicherdauer;<br>5.\n das Bestehen eines Rechts auf Berichtigung oder L\u00f6schung der Sie \nbetreffenden personenbezogenen Daten, eines Rechts auf Einschr\u00e4nkung der\n Verarbeitung durch den Verantwortlichen oder eines Widerspruchsrechts \ngegen diese Verarbeitung;<br>6. das Bestehen eines Beschwerderechts bei einer Aufsichtsbeh\u00f6rde;<br>7.\n alle verf\u00fcgbaren Informationen \u00fcber die Herkunft der Daten, wenn die \npersonenbezogenen Daten nicht bei der betroffenen Person erhoben werden;<br>8.\n das Bestehen einer automatisierten Entscheidungsfindung einschlie\u00dflich \nProfiling gem\u00e4\u00df Art. 22 Abs. 1 und 4 DSGVO und &#8211; zumindest in diesen \nF\u00e4llen &#8211; aussagekr\u00e4ftige Informationen \u00fcber die involvierte Logik sowie \ndie Tragweite und die angestrebten Auswirkungen einer derartigen \nVerarbeitung f\u00fcr die betroffene Person.<br>9. Ihnen steht das Recht zu, \nAuskunft dar\u00fcber zu verlangen, ob die Sie betreffenden personenbezogenen\n Daten in ein Drittland oder an eine internationale Organisation \n\u00fcbermittelt werden. In diesem Zusammenhang k\u00f6nnen Sie verlangen, \u00fcber \ndie geeigneten Garantien gem. Art. 46 DSGVO im Zusammenhang mit der \n\u00dcbermittlung unterrichtet zu werden.<br>2. Recht auf Berichtigung<br>Sie\n haben ein Recht auf Berichtigung und\/oder Vervollst\u00e4ndigung gegen\u00fcber \ndem Verantwortlichen, sofern die verarbeiteten personenbezogenen Daten, \ndie Sie betreffen, unrichtig oder unvollst\u00e4ndig sind. Der \nVerantwortliche hat die Berichtigung unverz\u00fcglich vorzunehmen.<br>3. Recht auf Einschr\u00e4nkung der Verarbeitung<br>Unter\n den folgenden Voraussetzungen k\u00f6nnen Sie die Einschr\u00e4nkung der \nVerarbeitung der Sie betreffenden personenbezogenen Daten verlangen:<br>1.\n wenn Sie die Richtigkeit der Sie betreffenden personenbezogenen Daten \nf\u00fcr eine Dauer bestreiten, die es dem Verantwortlichen erm\u00f6glicht, die \nRichtigkeit der personenbezogenen Daten zu \u00fcberpr\u00fcfen;<br>2. die \nVerarbeitung unrechtm\u00e4\u00dfig ist und Sie die L\u00f6schung der personenbezogenen\n Daten ablehnen und stattdessen die Einschr\u00e4nkung der Nutzung der \npersonenbezogenen Daten verlangen;<br>3. der Verantwortliche die \npersonenbezogenen Daten f\u00fcr die Zwecke der Verarbeitung nicht l\u00e4nger \nben\u00f6tigt, Sie diese jedoch zur Geltendmachung, Aus\u00fcbung oder \nVerteidigung von Rechtsanspr\u00fcchen ben\u00f6tigen, oder<br>4. wenn Sie \nWiderspruch gegen die Verarbeitung gem\u00e4\u00df Art. 21 Abs. 1 DSGVO eingelegt \nhaben und noch nicht feststeht, ob die berechtigten Gr\u00fcnde des \nVerantwortlichen gegen\u00fcber Ihren Gr\u00fcnden \u00fcberwiegen.<br>Wurde die \nVerarbeitung der Sie betreffenden personenbezogenen Daten eingeschr\u00e4nkt,\n d\u00fcrfen diese Daten &#8211; von ihrer Speicherung abgesehen &#8211; nur mit Ihrer \nEinwilligung oder zur Geltendmachung, Aus\u00fcbung oder Verteidigung von \nRechtsanspr\u00fcchen oder zum Schutz der Rechte einer anderen nat\u00fcrlichen \noder juristischen Person oder aus Gr\u00fcnden eines wichtigen \u00f6ffentlichen \nInteresses der Union oder eines Mitgliedstaats verarbeitet werden.<br>Wurde\n die Einschr\u00e4nkung der Verarbeitung nach den o. g. Voraussetzungen \neingeschr\u00e4nkt, werden Sie von dem Verantwortlichen unterrichtet, bevor \ndie Einschr\u00e4nkung aufgehoben wird.<br>4. Recht auf L\u00f6schung<br>a. L\u00f6schungspflicht<br>Sie\n k\u00f6nnen von dem Verantwortlichen verlangen, dass die Sie betreffenden \npersonenbezogenen Daten unverz\u00fcglich gel\u00f6scht werden, und der \nVerantwortliche ist verpflichtet, diese Daten unverz\u00fcglich zu l\u00f6schen, \nsofern einer der folgenden Gr\u00fcnde zutrifft:<br>1. Die Sie betreffenden \npersonenbezogenen Daten sind f\u00fcr die Zwecke, f\u00fcr die sie erhoben oder \nauf sonstige Weise verarbeitet wurden, nicht mehr notwendig.<br>2. Sie \nwiderrufen Ihre Einwilligung, auf die sich die Verarbeitung gem. Art. 6 \nAbs. 1 lit. a oder Art. 9 Abs. 2 lit. a DSGVO st\u00fctzte, und es fehlt an \neiner anderweitigen Rechtsgrundlage f\u00fcr die Verarbeitung.<br>3. Sie \nlegen gem. Art. 21 Abs. 1 DSGVO Widerspruch gegen die Verarbeitung ein \nund es liegen keine vorrangigen berechtigten Gr\u00fcnde f\u00fcr die Verarbeitung\n vor, oder Sie legen gem. Art. 21 Abs. 2 DSGVO Widerspruch gegen die \nVerarbeitung ein.<br>4. Die Sie betreffenden personenbezogenen Daten wurden unrechtm\u00e4\u00dfig verarbeitet.<br>5.\n Die L\u00f6schung der Sie betreffenden personenbezogenen Daten ist zur \nErf\u00fcllung einer rechtlichen Verpflichtung nach dem Unionsrecht oder dem \nRecht der Mitgliedstaaten erforderlich, dem der Verantwortliche \nunterliegt.<br>6. Die Sie betreffenden personenbezogenen Daten wurden in\n Bezug auf angebotene Dienste der Informationsgesellschaft gem\u00e4\u00df Art. 8 \nAbs. 1 DSGVO erhoben.<br>b. Information an Dritte<br>Hat der \nVerantwortliche die Sie betreffenden personenbezogenen Daten \u00f6ffentlich \ngemacht und ist er gem. Art. 17 Abs. 1 DSGVO zu deren L\u00f6schung \nverpflichtet, so trifft er unter Ber\u00fccksichtigung der verf\u00fcgbaren \nTechnologie und der Implementierungskosten angemessene Ma\u00dfnahmen, auch \ntechnischer Art, um f\u00fcr die Datenverarbeitung Verantwortliche, die die \npersonenbezogenen Daten verarbeiten, dar\u00fcber zu informieren, dass Sie \nals betroffene Person von ihnen die L\u00f6schung aller Links zu diesen \npersonenbezogenen Daten oder von Kopien oder Replikationen dieser \npersonenbezogenen Daten verlangt haben.<br>c. Ausnahmen<br>Das Recht auf L\u00f6schung besteht nicht, soweit die Verarbeitung erforderlich ist<br>1. zur Aus\u00fcbung des Rechts auf freie Meinungs\u00e4u\u00dferung und Information;<br>2.\n zur Erf\u00fcllung einer rechtlichen Verpflichtung, die die Verarbeitung \nnach dem Recht der Union oder der Mitgliedstaaten, dem der \nVerantwortliche unterliegt, erfordert, oder zur Wahrnehmung einer \nAufgabe, die im \u00f6ffentlichen Interesse liegt oder in Aus\u00fcbung \n\u00f6ffentlicher Gewalt erfolgt, die dem Verantwortlichen \u00fcbertragen wurde \n(Dies sind beispielsweise handels- und steuerrechtliche \nAufbewahrungspflichten.);<br>3. aus Gr\u00fcnden des \u00f6ffentlichen Interesses \nim Bereich der \u00f6ffentlichen Gesundheit gem\u00e4\u00df Art. 9 Abs. 2 lit. h und i \nsowie Art. 9 Abs. 3 DSGVO;<br>4. f\u00fcr im \u00f6ffentlichen Interesse liegende \nArchivzwecke, wissenschaftliche oder historische Forschungszwecke oder \nf\u00fcr statistische Zwecke gem. Art. 89 Abs. 1 DSGVO, soweit das unter \nAbschnitt a) genannte Recht voraussichtlich die Verwirklichung der Ziele\n dieser Verarbeitung unm\u00f6glich macht oder ernsthaft beeintr\u00e4chtigt, oder<br>5. zur Geltendmachung, Aus\u00fcbung oder Verteidigung von Rechtsanspr\u00fcchen.<br>5. Recht auf Unterrichtung<br>Haben\n Sie das Recht auf Berichtigung, L\u00f6schung oder Einschr\u00e4nkung der \nVerarbeitung gegen\u00fcber dem Verantwortlichen geltend gemacht, ist dieser \nverpflichtet, allen Empf\u00e4ngern, denen die Sie betreffenden \npersonenbezogenen Daten offengelegt wurden, diese Berichtigung oder \nL\u00f6schung der Daten oder Einschr\u00e4nkung der Verarbeitung mitzuteilen, es \nsei denn, dies erweist sich als unm\u00f6glich oder ist mit einem \nunverh\u00e4ltnism\u00e4\u00dfigen Aufwand verbunden.<br>Ihnen steht gegen\u00fcber dem Verantwortlichen das Recht zu, \u00fcber diese Empf\u00e4nger unterrichtet zu werden.<br>6. Recht auf Daten\u00fcbertragbarkeit<br>Sie\n haben das Recht, die Sie betreffenden personenbezogenen Daten, die Sie \ndem Verantwortlichen bereitgestellt haben, in einem strukturierten, \ng\u00e4ngigen und maschinenlesbaren Format zu erhalten. Au\u00dferdem haben Sie \ndas Recht, diese Daten einem anderen Verantwortlichen ohne Behinderung \ndurch den Verantwortlichen, dem die personenbezogenen Daten \nbereitgestellt wurden, zu \u00fcbermitteln, sofern<br>1. die Verarbeitung auf\n einer Einwilligung gem. Art. 6 Abs. 1 lit. a DSGVO oder Art. 9 Abs. 2 \nlit. a DSGVO oder auf einem Vertrag gem. Art. 6 Abs. 1 lit. b DSGVO \nberuht und<br>2. die Verarbeitung mithilfe automatisierter Verfahren erfolgt.<br>In\n Aus\u00fcbung dieses Rechts haben Sie ferner das Recht, zu erwirken, dass \ndie Sie betreffenden personenbezogenen Daten direkt von einem \nVerantwortlichen einem anderen Verantwortlichen \u00fcbermittelt werden, \nsoweit dies technisch machbar ist. Freiheiten und Rechte anderer \nPersonen d\u00fcrfen hierdurch nicht beeintr\u00e4chtigt werden.<br>Das Recht auf \nDaten\u00fcbertragbarkeit gilt nicht f\u00fcr eine Verarbeitung personenbezogener \nDaten, die f\u00fcr die Wahrnehmung einer Aufgabe erforderlich ist, die im \n\u00f6ffentlichen Interesse liegt oder in Aus\u00fcbung \u00f6ffentlicher Gewalt \nerfolgt, die dem Verantwortlichen \u00fcbertragen wurde.<br>7. Widerspruchsrecht<br>Sie\n haben das Recht, aus Gr\u00fcnden, die sich aus ihrer besonderen Situation \nergeben, jederzeit gegen die Verarbeitung der Sie betreffenden \npersonenbezogenen Daten, die aufgrund von Art. 6 Abs. 1 lit. e oder f \nDSGVO erfolgt, Widerspruch einzulegen; dies gilt auch f\u00fcr ein auf diese \nBestimmungen gest\u00fctztes Profiling.<br>Der Verantwortliche verarbeitet \ndie Sie betreffenden personenbezogenen Daten nicht mehr, es sei denn, er\n kann zwingende schutzw\u00fcrdige Gr\u00fcnde f\u00fcr die Verarbeitung nachweisen, \ndie Ihre Interessen, Rechte und Freiheiten \u00fcberwiegen, oder die \nVerarbeitung dient der Geltendmachung, Aus\u00fcbung oder Verteidigung von \nRechtsanspr\u00fcchen.<br>Werden die Sie betreffenden personenbezogenen Daten\n verarbeitet, um Direktwerbung zu betreiben, haben Sie das Recht gem. \nArt. 21 Abs. 2, 3 DSGVO, jederzeit Widerspruch gegen die Verarbeitung \nder Sie betreffenden personenbezogenen Daten zum Zwecke derartiger \nWerbung einzulegen; dies gilt auch f\u00fcr das Profiling, soweit es mit \nsolcher Direktwerbung in Verbindung steht.<br>Widersprechen Sie der \nVerarbeitung f\u00fcr Zwecke der Direktwerbung, so werden die Sie \nbetreffenden personenbezogenen Daten nicht mehr f\u00fcr diese Zwecke \nverarbeitet.<br>Sie haben die M\u00f6glichkeit, im Zusammenhang mit der \nNutzung von Diensten der Informationsgesellschaft &#8211; ungeachtet der \nRichtlinie 2002\/58\/EG &#8211; Ihr Widerspruchsrecht mittels automatisierter \nVerfahren auszu\u00fcben, bei denen technische Spezifikationen verwendet \nwerden.<br>8. Recht auf Widerruf der datenschutzrechtlichen Einwilligungserkl\u00e4rung<br>Sie\n haben das Recht, Ihre datenschutzrechtliche Einwilligungserkl\u00e4rung \njederzeit zu widerrufen. Durch den Widerruf der Einwilligung wird die \nRechtm\u00e4\u00dfigkeit der aufgrund der Einwilligung bis zum Widerruf erfolgten \nVerarbeitung nicht ber\u00fchrt.<br>9. Automatisierte Entscheidung im Einzelfall einschlie\u00dflich Profiling<br>Sie\n haben das Recht, nicht einer ausschlie\u00dflich auf einer automatisierten \nVerarbeitung &#8211; einschlie\u00dflich Profiling &#8211; beruhenden Entscheidung \nunterworfen zu werden, die Ihnen gegen\u00fcber rechtliche Wirkung entfaltet \noder Sie in \u00e4hnlicher Weise erheblich beeintr\u00e4chtigt. Dies gilt nicht, \nwenn die Entscheidung<br>1. f\u00fcr den Abschluss oder die Erf\u00fcllung eines Vertrags zwischen Ihnen und dem Verantwortlichen erforderlich ist,<br>2.\n aufgrund von Rechtsvorschriften der Union oder der Mitgliedstaaten, \ndenen der Verantwortliche unterliegt, zul\u00e4ssig ist und diese \nRechtsvorschriften angemessene Ma\u00dfnahmen zur Wahrung Ihrer Rechte und \nFreiheiten sowie Ihrer berechtigten Interessen enthalten oder<br>3. mit Ihrer ausdr\u00fccklichen Einwilligung erfolgt.<br>Allerdings\n d\u00fcrfen diese Entscheidungen nicht auf besonderen Kategorien \npersonenbezogener Daten nach Art. 9 Abs. 1 DSGVO beruhen, sofern nicht \nArt. 9 Abs. 2 lit. a oder g gilt und angemessene Ma\u00dfnahmen zum Schutz \nder Rechte und Freiheiten sowie Ihrer berechtigten Interessen getroffen \nwurden.<br>Hinsichtlich der in (1) und (3) genannten F\u00e4lle trifft der \nVerantwortliche angemessene Ma\u00dfnahmen, um die Rechte und Freiheiten \nsowie Ihre berechtigten Interessen zu wahren, wozu mindestens das Recht \nauf Erwirkung des Eingreifens einer Person seitens des Verantwortlichen,\n auf Darlegung des eigenen Standpunkts und auf Anfechtung der \nEntscheidung geh\u00f6rt.<br>10. Recht auf Beschwerde bei einer Aufsichtsbeh\u00f6rde<br>Unbeschadet\n eines anderweitigen verwaltungsrechtlichen oder gerichtlichen \nRechtsbehelfs steht Ihnen das Recht auf Beschwerde bei einer \nAufsichtsbeh\u00f6rde, insbesondere in dem Mitgliedstaat Ihres \nAufenthaltsorts, Ihres Arbeitsplatzes oder des Orts des mutma\u00dflichen \nVersto\u00dfes, zu, wenn Sie der Ansicht sind, dass die Verarbeitung der Sie \nbetreffenden personenbezogenen Daten gegen die DSGVO verst\u00f6\u00dft.<br>Die \nAufsichtsbeh\u00f6rde, bei der die Beschwerde eingereicht wurde, unterrichtet\n den Beschwerdef\u00fchrer \u00fcber den Stand und die Ergebnisse der Beschwerde \neinschlie\u00dflich der M\u00f6glichkeit eines gerichtlichen Rechtsbehelfs nach \nArt. 78 DSGVO.<br>11. G\u00fcltigkeit dieser Datenschutzerkl\u00e4rung<br>Wir \nbehalten uns das Recht vor, diese Datenschutzrichtlinien von Zeit zu \nZeit zu \u00e4ndern. Die aktuelle Version ist von unserer Website abrufbar. \nSollte eine \u00c4nderung Rechte der registrierten Nutzer wesentlich \neinschr\u00e4nkt, werden wir diese benachrichtigen. \u00dcberdies ist f\u00fcr unsere \nWebseiten-Nutzer jeweils die aktuell abrufbare Datenschutzerkl\u00e4rung \ng\u00fcltig.<\/p>\n","protected":false},"excerpt":{"rendered":"<p>Datenschutz-Grundverordnung I. Allgemeines zur Datenverarbeitung1. Umfang der Verarbeitung personenbezogener DatenGrunds\u00e4tzlich k\u00f6nnen Sie uns (also Internetservices insbesondere die Webseite compurem.de) besuchen &hellip; <\/p>\n","protected":false},"author":1,"featured_media":0,"parent":0,"menu_order":0,"comment_status":"closed","ping_status":"closed","template":"","meta":{"_mc_calendar":[]},"aioseo_notices":[],"_links":{"self":[{"href":"https:\/\/www.compurem.de\/index.php?rest_route=\/wp\/v2\/pages\/33"}],"collection":[{"href":"https:\/\/www.compurem.de\/index.php?rest_route=\/wp\/v2\/pages"}],"about":[{"href":"https:\/\/www.compurem.de\/index.php?rest_route=\/wp\/v2\/types\/page"}],"author":[{"embeddable":true,"href":"https:\/\/www.compurem.de\/index.php?rest_route=\/wp\/v2\/users\/1"}],"replies":[{"embeddable":true,"href":"https:\/\/www.compurem.de\/index.php?rest_route=%2Fwp%2Fv2%2Fcomments&post=33"}],"version-history":[{"count":1,"href":"https:\/\/www.compurem.de\/index.php?rest_route=\/wp\/v2\/pages\/33\/revisions"}],"predecessor-version":[{"id":34,"href":"https:\/\/www.compurem.de\/index.php?rest_route=\/wp\/v2\/pages\/33\/revisions\/34"}],"wp:attachment":[{"href":"https:\/\/www.compurem.de\/index.php?rest_route=%2Fwp%2Fv2%2Fmedia&parent=33"}],"curies":[{"name":"wp","href":"https:\/\/api.w.org\/{rel}","templated":true}]}}