{"id":105,"date":"2020-04-13T12:13:41","date_gmt":"2020-04-13T12:13:41","guid":{"rendered":"http:\/\/compurem.de\/?page_id=105"},"modified":"2020-05-19T21:28:48","modified_gmt":"2020-05-19T21:28:48","slug":"photoshop","status":"publish","type":"page","link":"https:\/\/www.compurem.de\/?page_id=105","title":{"rendered":"Photoshop"},"content":{"rendered":"\n<p>Ein Bild sagt mehr als 1000 Worte. Aber seit es \nBildbearbeitungsprogramme gibt, kann man wohl keinem Bild mehr Glauben \nschenken. Photoshop ist sicherlich das m\u00e4chtigste Programm zur \nBildkorrektur geworden.<\/p>\n\n\n\n<p>M\u00f6gliche Inhalte einer Schulung k\u00f6nnten sein:<\/p>\n\n\n\n<ul><li>Die Oberfl\u00e4che<\/li><li>Bilddateien messen und bewerten<\/li><li>Farbmodus und Farbtiefe<\/li><li>Ausschnitt, Gr\u00f6\u00dfe und Aufl\u00f6sung<\/li><li>Kontrast und Farbton<\/li><li>Aufnahmefehler korrigieren<\/li><li>Teile ausw\u00e4hlen<\/li><li>Kan\u00e4le<\/li><li>Masken<\/li><li>Pfade<\/li><li>Ebenen<\/li><li>Text<\/li><li>speichern f\u00fcr das Internet<\/li><li>der Profidruck<\/li><\/ul>\n\n\n\n<figure class=\"wp-block-image size-large\"><img decoding=\"async\" loading=\"lazy\" width=\"1024\" height=\"619\" src=\"https:\/\/www.compurem.de\/wp-content\/uploads\/2020\/05\/20200519Photoshop-1024x619.png\" alt=\"\" class=\"wp-image-449\" srcset=\"https:\/\/www.compurem.de\/wp-content\/uploads\/2020\/05\/20200519Photoshop-1024x619.png 1024w, https:\/\/www.compurem.de\/wp-content\/uploads\/2020\/05\/20200519Photoshop-300x181.png 300w, https:\/\/www.compurem.de\/wp-content\/uploads\/2020\/05\/20200519Photoshop-768x464.png 768w, https:\/\/www.compurem.de\/wp-content\/uploads\/2020\/05\/20200519Photoshop-1536x929.png 1536w, https:\/\/www.compurem.de\/wp-content\/uploads\/2020\/05\/20200519Photoshop.png 1920w\" sizes=\"(max-width: 1024px) 100vw, 1024px\" \/><\/figure>\n","protected":false},"excerpt":{"rendered":"<p>Ein Bild sagt mehr als 1000 Worte. Aber seit es Bildbearbeitungsprogramme gibt, kann man wohl keinem Bild mehr Glauben schenken. &hellip; <\/p>\n","protected":false},"author":1,"featured_media":0,"parent":0,"menu_order":0,"comment_status":"closed","ping_status":"closed","template":"","meta":{"_mc_calendar":[]},"aioseo_notices":[],"_links":{"self":[{"href":"https:\/\/www.compurem.de\/index.php?rest_route=\/wp\/v2\/pages\/105"}],"collection":[{"href":"https:\/\/www.compurem.de\/index.php?rest_route=\/wp\/v2\/pages"}],"about":[{"href":"https:\/\/www.compurem.de\/index.php?rest_route=\/wp\/v2\/types\/page"}],"author":[{"embeddable":true,"href":"https:\/\/www.compurem.de\/index.php?rest_route=\/wp\/v2\/users\/1"}],"replies":[{"embeddable":true,"href":"https:\/\/www.compurem.de\/index.php?rest_route=%2Fwp%2Fv2%2Fcomments&post=105"}],"version-history":[{"count":2,"href":"https:\/\/www.compurem.de\/index.php?rest_route=\/wp\/v2\/pages\/105\/revisions"}],"predecessor-version":[{"id":450,"href":"https:\/\/www.compurem.de\/index.php?rest_route=\/wp\/v2\/pages\/105\/revisions\/450"}],"wp:attachment":[{"href":"https:\/\/www.compurem.de\/index.php?rest_route=%2Fwp%2Fv2%2Fmedia&parent=105"}],"curies":[{"name":"wp","href":"https:\/\/api.w.org\/{rel}","templated":true}]}}