{"id":1045,"date":"2025-05-05T20:11:16","date_gmt":"2025-05-05T20:11:16","guid":{"rendered":"https:\/\/www.compurem.de\/?page_id=1045"},"modified":"2025-05-05T20:15:49","modified_gmt":"2025-05-05T20:15:49","slug":"excel-schneller-machen","status":"publish","type":"page","link":"https:\/\/www.compurem.de\/?page_id=1045","title":{"rendered":"Excel schneller machen"},"content":{"rendered":"\n<p>Sie haben eine Datei, die sehr &#8222;langsam&#8220; ist? Sehr viel Zeit in Anspruch nimmt, bis sie ge\u00f6ffnet ist? Beim Bearbeiten sehr, sehr lange dauert?<\/p>\n\n\n\n<p>Kein Problem: Excel stellt einige Werkzeuge zur Verf\u00fcgung, mit deren Hilfe man diese Datei schneller machen kann.<\/p>\n\n\n\n<p>Drei wesentliche Ursachen bremsen das Bearbeiten einer Excelmappe aus:<br>* Formeln<br>* Formatierungen<br>* Elemente (Objekte) in Excel<br>Man sollte auf die Suche gehen, welches dieser Elemente in massiver Form vorkommt.<br>Grafiken findet man mit Hilfe<br>* Objekte suchen<br>* Auswahlbereich<br>* Navigation<br>Formeln werden \u00fcber Inquire oder die Suche gefunden.<br>* Liegt die Vermutung nahe, dass es an \u00fcberm\u00e4\u00dfiger Formatierung liegt, kann man \u00fcber<br>den Inquire \u201e\u00dcberm\u00e4\u00dfige Zellformatierungen entfernen\u201c. Schlie\u00dflich kann man \u00fcber<br>Start \/ Bearbeiten \/ Formate l\u00f6schen.<br>* Die Liste der bedingten Formatierungen ist \u00fcber \u201eRegeln verwalten\u201c einsehbar. Ist die<br>Liste zu lang, sollte sie gek\u00fcrzt werden. H\u00e4ufig kann man \u201ezerrissene\u201c Bedingungen<br>wieder \u201eflicken\u201c.<br>* Eine gro\u00dfe Anzahl an verbundenen Zellen solle vermieden werden. (Eigentlich sollten<br>man verbundene Zellen \u00fcberhaupt vermeiden.)<br>Bei zu vielen Formeln empfehlen sich folgende Schritte:<br>* Pr\u00fcfen, welche Funktionen vorliegen:<br>* XVERWEIS ist langsamer als INDEX\/VERGLEICH ist langsamer als SVERWEIS<br>* Verweise auf andere Dateien bremsen Excel aus. Sind sie n\u00f6tig?<br>* Ein Verweis (beispielsweie von SVERWEIS) auf eine ganze Spalte (beispielsweise<br>A:A) rechnet langsamer als ein Verweis auf einen Bereich (beispielsweise A1:A2500)<\/p>\n\n\n\n<p>* Arrayfunktion rechnen schneller als &#8222;heruntergezogene&#8220; Formeln<br>* Die verkn\u00fcpften Daten in die Arbeitsmappe hineinkopieren<br>* Die verkn\u00fcpften Daten in die Arbeitsmappe per Power Query hineinverkn\u00fcpfen<br>Falls das alles nichts hilft:<br>* Die automatische Berechnung deaktivieren. Und regelm\u00e4\u00dfig \u201eneu berechnen\u201c.<br>* Formeln durch Werte ersetzen<br>Bei zu vielen Formaten k\u00f6nnte helfen:<br>* Zeilen l\u00f6schen<br>* Spalten l\u00f6schen<br>* Formatierungen l\u00f6schen<br>* Mit Inquire \u201e\u00dcberm\u00e4\u00dfige Zellformatierungen entfernen\u201c<br>* Formate vermeiden<br>* Bedingte Formatierungen \u201ezusammenfassen\u201c<br>Und schlie\u00dflich ganz allgemein:<br>* Die Datei als Excel-Bin\u00e4rarbeitsmappe (XLSB) speichern.<\/p>\n\n\n\n<p>Ben\u00f6tigen Sie Hilfe? Ich helfe Ihnen gerne<\/p>\n\n\n\n<figure class=\"wp-block-image size-large\"><img decoding=\"async\" loading=\"lazy\" width=\"1024\" height=\"395\" src=\"https:\/\/www.compurem.de\/wp-content\/uploads\/2025\/05\/Screenshot-2025-05-01-122336-1024x395.png\" alt=\"\" class=\"wp-image-1046\" srcset=\"https:\/\/www.compurem.de\/wp-content\/uploads\/2025\/05\/Screenshot-2025-05-01-122336-1024x395.png 1024w, https:\/\/www.compurem.de\/wp-content\/uploads\/2025\/05\/Screenshot-2025-05-01-122336-300x116.png 300w, https:\/\/www.compurem.de\/wp-content\/uploads\/2025\/05\/Screenshot-2025-05-01-122336-768x296.png 768w, https:\/\/www.compurem.de\/wp-content\/uploads\/2025\/05\/Screenshot-2025-05-01-122336-1536x592.png 1536w, https:\/\/www.compurem.de\/wp-content\/uploads\/2025\/05\/Screenshot-2025-05-01-122336-2048x789.png 2048w\" sizes=\"(max-width: 1024px) 100vw, 1024px\" \/><\/figure>\n","protected":false},"excerpt":{"rendered":"<p>Sie haben eine Datei, die sehr &#8222;langsam&#8220; ist? Sehr viel Zeit in Anspruch nimmt, bis sie ge\u00f6ffnet ist? Beim Bearbeiten &hellip; <\/p>\n","protected":false},"author":1,"featured_media":0,"parent":0,"menu_order":0,"comment_status":"closed","ping_status":"closed","template":"","meta":{"_mc_calendar":[]},"aioseo_notices":[],"_links":{"self":[{"href":"https:\/\/www.compurem.de\/index.php?rest_route=\/wp\/v2\/pages\/1045"}],"collection":[{"href":"https:\/\/www.compurem.de\/index.php?rest_route=\/wp\/v2\/pages"}],"about":[{"href":"https:\/\/www.compurem.de\/index.php?rest_route=\/wp\/v2\/types\/page"}],"author":[{"embeddable":true,"href":"https:\/\/www.compurem.de\/index.php?rest_route=\/wp\/v2\/users\/1"}],"replies":[{"embeddable":true,"href":"https:\/\/www.compurem.de\/index.php?rest_route=%2Fwp%2Fv2%2Fcomments&post=1045"}],"version-history":[{"count":2,"href":"https:\/\/www.compurem.de\/index.php?rest_route=\/wp\/v2\/pages\/1045\/revisions"}],"predecessor-version":[{"id":1049,"href":"https:\/\/www.compurem.de\/index.php?rest_route=\/wp\/v2\/pages\/1045\/revisions\/1049"}],"wp:attachment":[{"href":"https:\/\/www.compurem.de\/index.php?rest_route=%2Fwp%2Fv2%2Fmedia&parent=1045"}],"curies":[{"name":"wp","href":"https:\/\/api.w.org\/{rel}","templated":true}]}}